{"id":864,"date":"2024-09-28T09:35:11","date_gmt":"2024-09-28T09:35:11","guid":{"rendered":"https:\/\/saramoroni.net\/de\/?page_id=864"},"modified":"2025-04-29T14:13:31","modified_gmt":"2025-04-29T14:13:31","slug":"italienischunterricht","status":"publish","type":"page","link":"https:\/\/saramoroni.net\/de\/italienischunterricht\/","title":{"rendered":"ITALIENISCHUNTERRICHT"},"content":{"rendered":"\n<div style=\"height:51px\" aria-hidden=\"true\" class=\"wp-block-spacer\"><\/div>\n\n\n\n<h1 class=\"wp-block-heading has-ast-global-color-0-color has-text-color has-link-color has-medium-font-size wp-elements-7082be633092a3a75d0102bb18d165e8\"><strong>Online Italienisch lernen | Effektiv &#038; einfach lernen<\/strong><\/h1>\n\n\n\n<p>Tr\u00e4umst du davon, Italienisch zu meistern, sei es f\u00fcr einen besonderen Anlass oder aus purer Liebe zu &#8222;Bella Italia&#8220;?<\/p>\n\n\n\n<p>Dann bist du hier genau richtig!<\/p>\n\n\n\n<p>Jeder von uns ist <strong>einzigartig<\/strong>. Deshalb gestalte ich deine Sprachreise so <strong>pers\u00f6nlich<\/strong> und<strong> effektiv<\/strong> wie m\u00f6glich!<\/p>\n\n\n\n<p><strong>Die Vorteile, mit mir Italienisch zu lernen, sind:<\/strong><\/p>\n\n\n\n<p class=\"has-ast-global-color-0-color has-text-color has-link-color wp-elements-c6d3511d655c5a5eb96a825bc57a5786\">\u2611\ufe0f <strong>EINZELUNTERRICHT<\/strong><\/p>\n\n\n\n<p class=\"has-link-color wp-elements-2658da40c7b2c6e917e9e93048d224d8\">Mein Unterricht ist ma\u00dfgeschneidert und ganz auf deine Bed\u00fcrfnisse abgestimmt.<\/p>\n\n\n\n<p class=\"has-ast-global-color-0-color has-text-color has-link-color wp-elements-1e3c0fe60ce647b771b7cf7687824c74\">\u2611\ufe0f <strong>MAXIMALE FLEXIBILIT\u00c4T<\/strong><\/p>\n\n\n\n<p class=\"has-link-color wp-elements-0c5cfdaf07ae9b8f9379d398ff7923f3\">Mein Unterricht findet online statt. Du entscheidest, wann und wo du Italienisch lernen m\u00f6chtest.<\/p>\n\n\n\n<p class=\"has-ast-global-color-0-color has-text-color has-link-color wp-elements-c11c6c150e694cab83b5c8075e011927\">\u2611\ufe0f <strong>ICH HABE ES AUCH DURCHGEMACHT<\/strong><\/p>\n\n\n\n<p class=\"has-link-color wp-elements-ae5d2dd41be41b0eed462995b6fdc044\">Als Polyglotte kenne ich die Herausforderung, eine Sprache von Grund auf zu lernen, sehr gut. Deshalb fehlen in meinem Unterricht niemals Geduld und Empathie.<\/p>\n\n\n\n<p class=\"has-ast-global-color-0-color has-text-color has-link-color wp-elements-ff4d8a79ea2cf828670817a2c52f8df8\">\u2611\ufe0f <strong>ICH BIN IN ITALIEN GEBOREN UND AUFGEWACHSEN<\/strong><\/p>\n\n\n\n<p class=\"has-link-color wp-elements-f8c8341560210f5e7f666b93be18f3c5\">Das bedeutet nicht nur, dass du Unterricht mit einer Muttersprachlerin hast, sondern auch, dass ich dir zahlreiche Tipps zu den kulturellen Unterschieden zwischen Italien und Deutschland geben kann. Diese werden dir bei deiner n\u00e4chsten Reise nach &#8222;Bella Italia&#8220; n\u00fctzlich sein.<\/p>\n\n\n\n<h5 class=\"wp-block-heading has-text-align-center has-ast-global-color-0-color has-text-color has-link-color wp-elements-703cdb77480eab62032cfb08ca4949c8\"><strong>In meinem Unterricht fehlen nie:<\/strong><\/h5>\n\n\n\n<div class=\"wp-block-columns is-layout-flex wp-container-core-columns-is-layout-28f84493 wp-block-columns-is-layout-flex\">\n<div class=\"wp-block-column is-layout-flow wp-block-column-is-layout-flow\">\n<div class=\"wp-block-buttons is-content-justification-center is-layout-flex wp-container-core-buttons-is-layout-a89b3969 wp-block-buttons-is-layout-flex\">\n<div class=\"wp-block-button has-custom-width wp-block-button__width-50 is-style-fill\"><a class=\"wp-block-button__link wp-element-button\"><strong>EMPATHIE<\/strong><\/a><\/div>\n<\/div>\n\n\n\n<figure class=\"wp-block-image aligncenter size-large is-resized\"><img loading=\"lazy\" decoding=\"async\" width=\"1024\" height=\"1024\" src=\"https:\/\/saramoroni.net\/wp-content\/uploads\/2024\/04\/lezioni-di-tedesco_empatia-1-1024x1024.png\" alt=\"\" class=\"wp-image-463\" style=\"width:205px;height:auto\" srcset=\"https:\/\/saramoroni.net\/wp-content\/uploads\/2024\/04\/lezioni-di-tedesco_empatia-1-1024x1024.png 1024w, https:\/\/saramoroni.net\/wp-content\/uploads\/2024\/04\/lezioni-di-tedesco_empatia-1-300x300.png 300w, https:\/\/saramoroni.net\/wp-content\/uploads\/2024\/04\/lezioni-di-tedesco_empatia-1-150x150.png 150w, https:\/\/saramoroni.net\/wp-content\/uploads\/2024\/04\/lezioni-di-tedesco_empatia-1-768x768.png 768w, https:\/\/saramoroni.net\/wp-content\/uploads\/2024\/04\/lezioni-di-tedesco_empatia-1.png 1080w\" sizes=\"auto, (max-width: 1024px) 100vw, 1024px\" \/><\/figure>\n\n\n\n<p><\/p>\n\n\n\n<p class=\"has-text-align-left has-ast-global-color-8-color has-ast-global-color-1-background-color has-text-color has-background has-link-color wp-elements-47e099c395c4f50bc62a839b880d248d\"><strong>F\u00fcr mich ist es sehr wichtig, dass du dich wohlf\u00fchlst und dich ohne Scheu ausdr\u00fccken kannst. Wenn du mehr Zeit brauchst, um eine bestimmte Grammatikregel zu verstehen oder bestimmte W\u00f6rter zu lernen, mach dir keine Sorgen! Wir werden uns so viel Zeit nehmen, wie du brauchst!<\/strong><\/p>\n<\/div>\n\n\n\n<div class=\"wp-block-column is-layout-flow wp-block-column-is-layout-flow\">\n<div class=\"wp-block-buttons is-content-justification-center is-layout-flex wp-container-core-buttons-is-layout-a89b3969 wp-block-buttons-is-layout-flex\">\n<div class=\"wp-block-button has-custom-width wp-block-button__width-50 is-style-fill\"><a class=\"wp-block-button__link has-text-align-center wp-element-button\"><strong>SPA\u00df<\/strong><\/a><\/div>\n<\/div>\n\n\n\n<figure class=\"wp-block-image aligncenter size-large is-resized\"><img loading=\"lazy\" decoding=\"async\" width=\"1024\" height=\"1024\" src=\"https:\/\/saramoroni.net\/wp-content\/uploads\/2024\/04\/lezioni-di-tedesco_divertimento-1-1024x1024.png\" alt=\"\" class=\"wp-image-465\" style=\"width:205px;height:auto\" srcset=\"https:\/\/saramoroni.net\/wp-content\/uploads\/2024\/04\/lezioni-di-tedesco_divertimento-1-1024x1024.png 1024w, https:\/\/saramoroni.net\/wp-content\/uploads\/2024\/04\/lezioni-di-tedesco_divertimento-1-300x300.png 300w, https:\/\/saramoroni.net\/wp-content\/uploads\/2024\/04\/lezioni-di-tedesco_divertimento-1-150x150.png 150w, https:\/\/saramoroni.net\/wp-content\/uploads\/2024\/04\/lezioni-di-tedesco_divertimento-1-768x768.png 768w, https:\/\/saramoroni.net\/wp-content\/uploads\/2024\/04\/lezioni-di-tedesco_divertimento-1.png 1080w\" sizes=\"auto, (max-width: 1024px) 100vw, 1024px\" \/><\/figure>\n\n\n\n<p><\/p>\n\n\n\n<p class=\"has-text-align-left has-ast-global-color-8-color has-ast-global-color-1-background-color has-text-color has-background has-link-color wp-elements-bab98c461067f7c3cef624dad04cd7cd\"><strong>Wir alle kennen das Gef\u00fchl, nach einem langen und stressigen Arbeitstag kaum noch Energie zu haben. Wie soll man dann eine Sprache lernen?<br>Genau aus diesem Grund bin ich der Meinung, dass Sprachenlernen auch Spa\u00df machen muss! Wie w\u00e4re es, wenn wir uns italienische Lieder anh\u00f6ren oder spielerische Elemente in den Unterricht integrieren?<\/strong><\/p>\n<\/div>\n<\/div>\n\n\n\n<p class=\"has-ast-global-color-0-color has-text-color has-link-color wp-elements-c2b21d5bd589252107fda094732f1790\"><\/p>\n\n\n\n<p>\u27a1\ufe0f<strong> DEUTSCH F\u00dcR ITALIENER*INNEN<\/strong>. Seit 2023 habe ich zahlreiche Italiener*innen in Deutsch unterrichtet und dadurch ein effizientes Programm entwickelt, um Deutsch effektiv und gezielt zu lernen. Hast du Bekannte aus Italien, die sich mit der deutschen Sprache schwertun? Rate ihnen, einen Blick auf meine Seite <strong><a href=\"https:\/\/saramoroni.net\/corsi-di-tedesco-per-italiani\/\">Deutsch f\u00fcr italienische Muttersprachler*innen<\/a> <\/strong>zu werfen!<\/p>\n\n\n\n<p><\/p>\n","protected":false},"excerpt":{"rendered":"<p>Online Italienisch lernen | Effektiv &#038; einfach lernen Tr\u00e4umst du davon, Italienisch zu meistern, sei es f\u00fcr einen besonderen Anlass [&hellip;]<\/p>\n","protected":false},"author":1,"featured_media":0,"parent":0,"menu_order":0,"comment_status":"closed","ping_status":"closed","template":"","meta":{"site-sidebar-layout":"default","site-content-layout":"","ast-site-content-layout":"default","site-content-style":"default","site-sidebar-style":"default","ast-global-header-display":"","ast-banner-title-visibility":"","ast-main-header-display":"","ast-hfb-above-header-display":"","ast-hfb-below-header-display":"","ast-hfb-mobile-header-display":"","site-post-title":"disabled","ast-breadcrumbs-content":"","ast-featured-img":"","footer-sml-layout":"","ast-disable-related-posts":"","theme-transparent-header-meta":"","adv-header-id-meta":"","stick-header-meta":"","header-above-stick-meta":"","header-main-stick-meta":"","header-below-stick-meta":"","astra-migrate-meta-layouts":"default","ast-page-background-enabled":"default","ast-page-background-meta":{"desktop":{"background-color":"var(--ast-global-color-4)","background-image":"","background-repeat":"repeat","background-position":"center center","background-size":"auto","background-attachment":"scroll","background-type":"","background-media":"","overlay-type":"","overlay-color":"","overlay-opacity":"","overlay-gradient":""},"tablet":{"background-color":"","background-image":"","background-repeat":"repeat","background-position":"center center","background-size":"auto","background-attachment":"scroll","background-type":"","background-media":"","overlay-type":"","overlay-color":"","overlay-opacity":"","overlay-gradient":""},"mobile":{"background-color":"","background-image":"","background-repeat":"repeat","background-position":"center center","background-size":"auto","background-attachment":"scroll","background-type":"","background-media":"","overlay-type":"","overlay-color":"","overlay-opacity":"","overlay-gradient":""}},"ast-content-background-meta":{"desktop":{"background-color":"var(--ast-global-color-5)","background-image":"","background-repeat":"repeat","background-position":"center center","background-size":"auto","background-attachment":"scroll","background-type":"","background-media":"","overlay-type":"","overlay-color":"","overlay-opacity":"","overlay-gradient":""},"tablet":{"background-color":"var(--ast-global-color-5)","background-image":"","background-repeat":"repeat","background-position":"center center","background-size":"auto","background-attachment":"scroll","background-type":"","background-media":"","overlay-type":"","overlay-color":"","overlay-opacity":"","overlay-gradient":""},"mobile":{"background-color":"var(--ast-global-color-5)","background-image":"","background-repeat":"repeat","background-position":"center center","background-size":"auto","background-attachment":"scroll","background-type":"","background-media":"","overlay-type":"","overlay-color":"","overlay-opacity":"","overlay-gradient":""}},"footnotes":""},"class_list":["post-864","page","type-page","status-publish","hentry"],"_links":{"self":[{"href":"https:\/\/saramoroni.net\/de\/wp-json\/wp\/v2\/pages\/864","targetHints":{"allow":["GET"]}}],"collection":[{"href":"https:\/\/saramoroni.net\/de\/wp-json\/wp\/v2\/pages"}],"about":[{"href":"https:\/\/saramoroni.net\/de\/wp-json\/wp\/v2\/types\/page"}],"author":[{"embeddable":true,"href":"https:\/\/saramoroni.net\/de\/wp-json\/wp\/v2\/users\/1"}],"replies":[{"embeddable":true,"href":"https:\/\/saramoroni.net\/de\/wp-json\/wp\/v2\/comments?post=864"}],"version-history":[{"count":29,"href":"https:\/\/saramoroni.net\/de\/wp-json\/wp\/v2\/pages\/864\/revisions"}],"predecessor-version":[{"id":1239,"href":"https:\/\/saramoroni.net\/de\/wp-json\/wp\/v2\/pages\/864\/revisions\/1239"}],"wp:attachment":[{"href":"https:\/\/saramoroni.net\/de\/wp-json\/wp\/v2\/media?parent=864"}],"curies":[{"name":"wp","href":"https:\/\/api.w.org\/{rel}","templated":true}]}}