{"id":861,"date":"2024-09-28T09:32:59","date_gmt":"2024-09-28T09:32:59","guid":{"rendered":"https:\/\/saramoroni.net\/de\/?page_id=861"},"modified":"2024-11-11T09:39:08","modified_gmt":"2024-11-11T09:39:08","slug":"sprachliche-und-interkulturelle-beratung","status":"publish","type":"page","link":"https:\/\/saramoroni.net\/de\/sprachliche-und-interkulturelle-beratung\/","title":{"rendered":"SPRACHLICHE UND INTERKULTURELLE BERATUNG"},"content":{"rendered":"\n<div style=\"height:38px\" aria-hidden=\"true\" class=\"wp-block-spacer\"><\/div>\n\n\n\n<h2 class=\"wp-block-heading has-ast-global-color-0-color has-text-color has-link-color has-medium-font-size wp-elements-52d1d95d3861a5729686bcdb04ec3eaa\">Italien besser verstehen | Betreuung und Beratung<\/h2>\n\n\n\n<p>\ud83d\udd39 Bist du gesch\u00e4ftlich oder privat<strong> oft in Italien<\/strong>? Besitzt du dort eine <strong>Ferienimmobilie<\/strong>?<\/p>\n\n\n\n<p>\ud83d\udd39 Besch\u00e4ftigst du <strong>Personal aus Italien <\/strong>und m\u00f6chtest sicherstellen, dass es sich bei dir wohlf\u00fchlt?<\/p>\n\n\n\n<p>\ud83d\udd39 Wohnt deine <strong>Verwandtschaft<\/strong>, mit der du dir eine st\u00e4rkere Beziehung w\u00fcnschst, in Italien?<\/p>\n\n\n\n<p>\u27a1\ufe0f Ich bin hier, um dir das Leben leichter zu machen!<\/p>\n\n\n\n<p>Als geb\u00fcrtige Italienerin, die in Deutschland lebt, bin ich tief in beiden Sprachen und Kulturen verwurzelt.<\/p>\n\n\n\n<p>Man k\u00f6nnte denken, dass sich Italien und Deutschland aufgrund ihrer geografischen N\u00e4he kulturell \u00e4hnlich sind, doch meine pers\u00f6nliche Erfahrung zeigt etwas ganz anderes!<\/p>\n\n\n\n<p>Als ich aus Italien nach Deutschland umzog, entdeckte ich eine <strong>F\u00fclle von kulturellen Unterschieden<\/strong>, die oft subtil, aber bedeutend sind.<\/p>\n\n\n\n<p>Diese Unterschiede reichen <strong>von Kommunikationsstilen bis hin zu Gesch\u00e4ftspraktiken und sozialen Umgangsformen. <\/strong>Durch mein Leben und Arbeiten in beiden L\u00e4ndern habe ich gelernt, diese feinen Nuancen nicht nur zu erkennen, sondern auch zu verstehen und zu sch\u00e4tzen. Als professionelle \u00dcbersetzerin und Dolmetscherin nutze ich diese wertvollen Erkenntnisse, um dir zu helfen, <strong>kulturelle Barrieren zu \u00fcberwinden.<\/strong><\/p>\n\n\n\n<p><strong>\ud83d\udd39 Was biete ich an?<\/strong><\/p>\n\n\n\n<p>\u2611\ufe0f Formulierung oder Umformulierung von Texten oder <strong>Korrespondenz <\/strong>in perfektem Italienisch<\/p>\n\n\n\n<p>\u2611\ufe0f <strong>Beratung <\/strong>zu sprachlichen und interkulturellen Fragen<\/p>\n\n\n\n<p>\u2611\ufe0f Unterst\u00fctzung bei der <strong>Kommunikation mit italienischen Beh\u00f6rden, Partnern, Kunden oder Bekanntschaften<\/strong><\/p>\n\n\n\n<p>\u2611\ufe0f <strong>Empathische Betreuung deiner italienischen Mitarbeiter*innen<\/strong>; von Beh\u00f6rdeng\u00e4ngen bis hin zur interkulturellen Beratung, um kulturelle Unterschiede zu \u00fcberbr\u00fccken und ein harmonisches Arbeitsklima zu f\u00f6rdern<\/p>\n\n\n\n<p class=\"has-ast-global-color-0-color has-text-color has-link-color wp-elements-c2b21d5bd589252107fda094732f1790\"><\/p>\n\n\n\n<p><strong><a href=\"https:\/\/saramoroni.net\/de\/kontakt\/\">Kontaktiere mich gerne! <\/a><\/strong>Erz\u00e4hl mir, was du brauchst und wie ich dir helfen kann. Ich werde so schnell wie m\u00f6glich mit einem individuellen Angebot auf dich zukommen.<\/p>\n\n\n\n<p><\/p>\n","protected":false},"excerpt":{"rendered":"<p>Italien besser verstehen | Betreuung und Beratung \ud83d\udd39 Bist du gesch\u00e4ftlich oder privat oft in Italien? Besitzt du dort eine [&hellip;]<\/p>\n","protected":false},"author":1,"featured_media":0,"parent":0,"menu_order":0,"comment_status":"closed","ping_status":"closed","template":"","meta":{"site-sidebar-layout":"default","site-content-layout":"","ast-site-content-layout":"default","site-content-style":"default","site-sidebar-style":"default","ast-global-header-display":"","ast-banner-title-visibility":"","ast-main-header-display":"","ast-hfb-above-header-display":"","ast-hfb-below-header-display":"","ast-hfb-mobile-header-display":"","site-post-title":"disabled","ast-breadcrumbs-content":"","ast-featured-img":"","footer-sml-layout":"","ast-disable-related-posts":"","theme-transparent-header-meta":"","adv-header-id-meta":"","stick-header-meta":"","header-above-stick-meta":"","header-main-stick-meta":"","header-below-stick-meta":"","astra-migrate-meta-layouts":"default","ast-page-background-enabled":"default","ast-page-background-meta":{"desktop":{"background-color":"var(--ast-global-color-4)","background-image":"","background-repeat":"repeat","background-position":"center center","background-size":"auto","background-attachment":"scroll","background-type":"","background-media":"","overlay-type":"","overlay-color":"","overlay-opacity":"","overlay-gradient":""},"tablet":{"background-color":"","background-image":"","background-repeat":"repeat","background-position":"center center","background-size":"auto","background-attachment":"scroll","background-type":"","background-media":"","overlay-type":"","overlay-color":"","overlay-opacity":"","overlay-gradient":""},"mobile":{"background-color":"","background-image":"","background-repeat":"repeat","background-position":"center center","background-size":"auto","background-attachment":"scroll","background-type":"","background-media":"","overlay-type":"","overlay-color":"","overlay-opacity":"","overlay-gradient":""}},"ast-content-background-meta":{"desktop":{"background-color":"var(--ast-global-color-5)","background-image":"","background-repeat":"repeat","background-position":"center center","background-size":"auto","background-attachment":"scroll","background-type":"","background-media":"","overlay-type":"","overlay-color":"","overlay-opacity":"","overlay-gradient":""},"tablet":{"background-color":"var(--ast-global-color-5)","background-image":"","background-repeat":"repeat","background-position":"center center","background-size":"auto","background-attachment":"scroll","background-type":"","background-media":"","overlay-type":"","overlay-color":"","overlay-opacity":"","overlay-gradient":""},"mobile":{"background-color":"var(--ast-global-color-5)","background-image":"","background-repeat":"repeat","background-position":"center center","background-size":"auto","background-attachment":"scroll","background-type":"","background-media":"","overlay-type":"","overlay-color":"","overlay-opacity":"","overlay-gradient":""}},"footnotes":""},"class_list":["post-861","page","type-page","status-publish","hentry"],"_links":{"self":[{"href":"https:\/\/saramoroni.net\/de\/wp-json\/wp\/v2\/pages\/861","targetHints":{"allow":["GET"]}}],"collection":[{"href":"https:\/\/saramoroni.net\/de\/wp-json\/wp\/v2\/pages"}],"about":[{"href":"https:\/\/saramoroni.net\/de\/wp-json\/wp\/v2\/types\/page"}],"author":[{"embeddable":true,"href":"https:\/\/saramoroni.net\/de\/wp-json\/wp\/v2\/users\/1"}],"replies":[{"embeddable":true,"href":"https:\/\/saramoroni.net\/de\/wp-json\/wp\/v2\/comments?post=861"}],"version-history":[{"count":17,"href":"https:\/\/saramoroni.net\/de\/wp-json\/wp\/v2\/pages\/861\/revisions"}],"predecessor-version":[{"id":1231,"href":"https:\/\/saramoroni.net\/de\/wp-json\/wp\/v2\/pages\/861\/revisions\/1231"}],"wp:attachment":[{"href":"https:\/\/saramoroni.net\/de\/wp-json\/wp\/v2\/media?parent=861"}],"curies":[{"name":"wp","href":"https:\/\/api.w.org\/{rel}","templated":true}]}}