{"id":859,"date":"2024-09-28T09:32:02","date_gmt":"2024-09-28T09:32:02","guid":{"rendered":"https:\/\/saramoroni.net\/de\/?page_id=859"},"modified":"2024-11-10T10:42:34","modified_gmt":"2024-11-10T10:42:34","slug":"ueber-mich","status":"publish","type":"page","link":"https:\/\/saramoroni.net\/de\/ueber-mich\/","title":{"rendered":"\u00dcber mich"},"content":{"rendered":"\n<h1 class=\"wp-block-heading has-ast-global-color-0-color has-text-color has-link-color has-medium-font-size wp-elements-175de3d932b42d6cc1148506bce0abeb\">Deine Br\u00fccke zu Italien<\/h1>\n\n\n\n<p class=\"has-text-align-left\" style=\"padding-top:var(--wp--preset--spacing--20);padding-right:var(--wp--preset--spacing--20);padding-bottom:var(--wp--preset--spacing--20);padding-left:var(--wp--preset--spacing--20)\">Fremdsprachen haben mich schon als Kind fasziniert. Nach dem Abitur an einem italienischen neusprachlichen Gymnasium habe ich <strong>\u00dcbersetzen und Dolmetschen<\/strong> an der <strong><em>Hochschule f\u00fcr Sprachmittler<\/em><\/strong> in Perugia \u2013 meiner Heimatstadt \u2013 studiert (Sprachrichtungen: <strong>Deutsch-Italienisch<\/strong> und <strong>Englisch-Italienisch<\/strong>).<\/p>\n\n\n\n<figure class=\"wp-block-image alignleft size-large is-resized\"><img loading=\"lazy\" decoding=\"async\" width=\"768\" height=\"1024\" src=\"https:\/\/saramoroni.net\/wp-content\/uploads\/2024\/04\/sara-moroni-language-services-1-768x1024.jpg\" alt=\"\" class=\"wp-image-272\" style=\"width:263px;height:auto\" srcset=\"https:\/\/saramoroni.net\/wp-content\/uploads\/2024\/04\/sara-moroni-language-services-1-768x1024.jpg 768w, https:\/\/saramoroni.net\/wp-content\/uploads\/2024\/04\/sara-moroni-language-services-1-225x300.jpg 225w, https:\/\/saramoroni.net\/wp-content\/uploads\/2024\/04\/sara-moroni-language-services-1-1152x1536.jpg 1152w, https:\/\/saramoroni.net\/wp-content\/uploads\/2024\/04\/sara-moroni-language-services-1.jpg 1200w\" sizes=\"auto, (max-width: 768px) 100vw, 768px\" \/><\/figure>\n\n\n\n<p class=\"has-text-align-left\">W\u00e4hrend meiner Gymnasiumzeit und meines Studiums habe ich meine Ausbildung durch zahlreiche Reisen ins Ausland vertieft. Dort konnte ich die Sprachen intensiv \u00fcben und tief in die Kultur eintauchen.<\/p>\n\n\n\n<p style=\"padding-top:var(--wp--preset--spacing--20);padding-bottom:var(--wp--preset--spacing--20)\">Seit 2017 lebe ich in Deutschland, in dem wundersch\u00f6nen <strong>N\u00fcrnberg<\/strong>. Hier habe ich mehrere Jahre als kaufm\u00e4nnische Angestellte gearbeitet. Dank dieser Berufserfahrung konnte ich ein tiefergehendes Verst\u00e4ndnis f\u00fcr <strong>kaufm\u00e4nnische Vorg\u00e4nge<\/strong> entwickeln, das mir sehr n\u00fctzlich ist, wenn ich Unternehmen bei internationalen Messen und bei Verhandlungen mit ihren Gesch\u00e4ftspartner*innen unterst\u00fctze oder wenn ich Texte im Bereich E-Commerce \u00fcbersetze.<\/p>\n\n\n\n<p style=\"padding-top:var(--wp--preset--spacing--20);padding-bottom:var(--wp--preset--spacing--20)\">Im Jahr 2023 habe ich beschlossen, meine <strong>Leidenschaft f\u00fcr Sprachen<\/strong> zu meinem <strong>Vollzeitberuf<\/strong> zu machen, indem ich mich als <strong>Sprachdienstleisterin<\/strong> selbstst\u00e4ndig machte.<\/p>\n\n\n\n<p class=\"has-ast-global-color-0-color has-text-color has-link-color wp-elements-eca102d38e96f32beaae5c5b03e493ab\" style=\"padding-top:var(--wp--preset--spacing--20);padding-bottom:var(--wp--preset--spacing--20)\"><strong><strong>Ben\u00f6tigst du eine schriftliche \u00dcbersetzung?<\/strong><\/strong><\/p>\n\n\n\n<p style=\"padding-top:var(--wp--preset--spacing--20);padding-bottom:var(--wp--preset--spacing--20)\">Ich kann deine <strong>Texte vom Deutschen und Englischen ins Italienische <\/strong>\u00fcbersetzen.<\/p>\n\n\n\n<p style=\"padding-top:var(--wp--preset--spacing--20);padding-bottom:var(--wp--preset--spacing--20)\">Ich lege gro\u00dfen Wert darauf, dass der \u00fcbersetzte Text dem Original treu bleibt und gleichzeitig vollkommen flie\u00dfend und nat\u00fcrlich in der Zielsprache klingt. <a href=\"https:\/\/saramoroni.net\/de\/uebersetzung\/\"><strong>Hier<\/strong> <\/a>findest du meine Fachgebiete und wichtige Informationen.<\/p>\n\n\n\n<p class=\"has-ast-global-color-0-color has-text-color\"><strong><strong>Steht ein Treffen mit italienischen Gesch\u00e4ftspartnerinnen\/Gesch\u00e4ftspartnern<\/strong><\/strong><strong><strong> oder die Teilnahme an einer internationalen Messe bevor?<\/strong><\/strong><\/p>\n\n\n\n<p style=\"padding-top:0;padding-bottom:0\">Mit mir an deiner Seite kannst du deine Sprache sprechen! Meine St\u00e4rke? Die<strong> Kombination aus Sprachausbildung und Berufserfahrung als kaufm\u00e4nnische Angestellte<\/strong>! Meine kaufm\u00e4nnischen Kenntnisse sind bei Verhandlungen \u00fcber Bestellungen, Zahlungsbedingungen und Gesch\u00e4ftsvorg\u00e4nge immer von Vorteil. <\/p>\n\n\n\n<p style=\"padding-top:0;padding-bottom:0\">Mehr Informationen \u00fcber meinen<strong> Dolmetscherdienst<\/strong> findest du<strong> <a href=\"https:\/\/saramoroni.net\/de\/messedolmetschen\/\">hier.<\/a><\/strong><\/p>\n\n\n\n<p class=\"has-ast-global-color-0-color has-text-color\" style=\"padding-top:var(--wp--preset--spacing--20);padding-bottom:var(--wp--preset--spacing--20)\"><strong><strong>M\u00f6chtest du Italienisch effektiv und gezielt lernen?<\/strong><\/strong><\/p>\n\n\n\n<p>Mein Ziel ist es, dass du dich in meiner Sprache selbstbewusst und frei ausdr\u00fccken kannst. Mein <strong>Italienischunterricht<\/strong> ist <strong>ma\u00dfgeschneidert. <\/strong>Wir werden uns genau auf das konzentrieren, was du wirklich brauchst \u2013 sei es Italienisch f\u00fcr Reisen, das Privatleben oder gesch\u00e4ftliche Kontexte. Mehr Informationen zu meinem Sprachunterricht findest du <strong><a href=\"https:\/\/saramoroni.net\/de\/italienischunterricht\/\">hier.<\/a><\/strong><\/p>\n\n\n\n<p class=\"has-ast-global-color-0-color has-text-color\" style=\"padding-top:var(--wp--preset--spacing--20);padding-bottom:var(--wp--preset--spacing--20)\"><strong><strong>M\u00f6chtest du deine Beziehung zu Italien st\u00e4rken? W\u00fcnschst du dir Unterst\u00fctzung bei der Kommunikation mit italienischer Kundschaft oder italienischem Personal?<\/strong><\/strong><\/p>\n\n\n\n<p style=\"padding-top:var(--wp--preset--spacing--20);padding-bottom:var(--wp--preset--spacing--20)\">Entdecke<a href=\"https:\/\/saramoroni.net\/de\/sprachliche-und-interkulturelle-beratung\/\"> <strong>hier <\/strong><\/a>meine Dienstleistung <strong>interkulturelle und sprachliche Beratung.<\/strong><\/p>\n\n\n\n<div style=\"height:33px\" aria-hidden=\"true\" class=\"wp-block-spacer\"><\/div>\n\n\n\n<p class=\"has-medium-font-size\"><\/p>\n\n\n\n<h5 class=\"wp-block-heading has-text-align-center has-ast-global-color-0-color has-text-color has-link-color has-medium-font-size wp-elements-896a50356281fa971d932ac9a74aaab6\">Mein Werdegang:<\/h5>\n\n\n\n<p class=\"has-ast-global-color-0-color has-text-color has-link-color wp-elements-96fc76f81ae199e669ecb828d31c9653\"><strong>2013<\/strong><\/p>\n\n\n\n<p>Neusprachliches Abitur<\/p>\n\n\n\n<p class=\"has-ast-global-color-0-color has-text-color has-link-color wp-elements-aaa6fe6ace63c0e35539fc1ff0a649e2\"><strong>2016<\/strong><\/p>\n\n\n\n<p>Hochschulabschluss in \u00dcbersetzen und Dolmetschen an der <em>Hochschule f\u00fcr Sprachmittler <\/em>in Perugia (Italien)<\/p>\n\n\n\n<p class=\"has-ast-global-color-0-color has-text-color has-link-color wp-elements-5b4151a594cf6d33467d18b628bea591\"><strong>2017<\/strong><\/p>\n\n\n\n<p>Umzug nach Deutschland und Vertiefung in die deutsche Sprache und Kultur<\/p>\n\n\n\n<p class=\"has-ast-global-color-0-color has-text-color has-link-color wp-elements-438118ad0c7ebcea5fa3d91b0e548300\"><strong>2017 &#8211; 2023<\/strong><\/p>\n\n\n\n<p>Berufserfahrung als kaufm\u00e4nnische Angestellte<\/p>\n\n\n\n<p class=\"has-ast-global-color-0-color has-text-color has-link-color wp-elements-0602934d7ebefd95958a3202ddb4381b\"><strong>2021<\/strong><\/p>\n\n\n\n<p>Fernstudium in internationaler Betriebs- und Wirtschaftslehre<em> <\/em>bei <em>ILS, Institut f\u00fcr Lernsysteme GmbH<\/em><\/p>\n\n\n\n<p class=\"has-ast-global-color-0-color has-text-color has-link-color wp-elements-b2cf97f832f20c3f052a38935fd95d23\"><strong>2023<\/strong><\/p>\n\n\n\n<p>Spezialisierungskurs in \u00dcbersetzung f\u00fcr den Tourismus<\/p>\n\n\n\n<p class=\"has-ast-global-color-0-color has-text-color has-link-color wp-elements-e34499aa023b5f374e095fd8c78348ac\"><strong>2017 &#8211; bis heute<\/strong><\/p>\n\n\n\n<p>Regelm\u00e4\u00dfige Teilnahme an Weiterbildungskursen und Webinaren zum Thema Sprachenentwicklung und \u00dcbersetzung<\/p>\n\n\n\n<div style=\"height:41px\" aria-hidden=\"true\" class=\"wp-block-spacer\"><\/div>\n\n\n\n<h5 class=\"wp-block-heading has-text-align-center has-ast-global-color-0-color has-text-color has-link-color has-medium-font-size wp-elements-0761abb957fb22c72ff9162c5037d583\"><strong>Willst du dir ein besseres Bild von mir machen?<\/strong><\/h5>\n\n\n\n<div class=\"wp-block-columns is-layout-flex wp-container-core-columns-is-layout-28f84493 wp-block-columns-is-layout-flex\">\n<div class=\"wp-block-column is-layout-flow wp-block-column-is-layout-flow\">\n<figure class=\"wp-block-image aligncenter size-large is-resized\"><img loading=\"lazy\" decoding=\"async\" width=\"1024\" height=\"1024\" src=\"https:\/\/saramoroni.net\/wp-content\/uploads\/2024\/04\/curiosita_caffe-1-1024x1024.png\" alt=\"\" class=\"wp-image-344\" style=\"width:150px;height:auto\" srcset=\"https:\/\/saramoroni.net\/wp-content\/uploads\/2024\/04\/curiosita_caffe-1-1024x1024.png 1024w, https:\/\/saramoroni.net\/wp-content\/uploads\/2024\/04\/curiosita_caffe-1-300x300.png 300w, https:\/\/saramoroni.net\/wp-content\/uploads\/2024\/04\/curiosita_caffe-1-150x150.png 150w, https:\/\/saramoroni.net\/wp-content\/uploads\/2024\/04\/curiosita_caffe-1-768x768.png 768w, https:\/\/saramoroni.net\/wp-content\/uploads\/2024\/04\/curiosita_caffe-1.png 1080w\" sizes=\"auto, (max-width: 1024px) 100vw, 1024px\" \/><\/figure>\n\n\n\n<p><strong>Ich starte meinen Tag nie ohne einen guten Kaffee!<\/strong><\/p>\n<\/div>\n\n\n\n<div class=\"wp-block-column is-layout-flow wp-block-column-is-layout-flow\">\n<figure class=\"wp-block-image aligncenter size-large is-resized\"><img loading=\"lazy\" decoding=\"async\" width=\"1024\" height=\"1024\" src=\"https:\/\/saramoroni.net\/wp-content\/uploads\/2024\/04\/curiosita_laurea-1-1024x1024.png\" alt=\"\" class=\"wp-image-345\" style=\"width:150px;height:auto\" srcset=\"https:\/\/saramoroni.net\/wp-content\/uploads\/2024\/04\/curiosita_laurea-1-1024x1024.png 1024w, https:\/\/saramoroni.net\/wp-content\/uploads\/2024\/04\/curiosita_laurea-1-300x300.png 300w, https:\/\/saramoroni.net\/wp-content\/uploads\/2024\/04\/curiosita_laurea-1-150x150.png 150w, https:\/\/saramoroni.net\/wp-content\/uploads\/2024\/04\/curiosita_laurea-1-768x768.png 768w, https:\/\/saramoroni.net\/wp-content\/uploads\/2024\/04\/curiosita_laurea-1.png 1080w\" sizes=\"auto, (max-width: 1024px) 100vw, 1024px\" \/><\/figure>\n\n\n\n<p><strong>Akzente und Sprachvariet\u00e4ten faszinieren mich sehr! In meiner Abschlussarbeit habe ich die Unterschiede zwischen dem Standard-Englisch und dem schottischen Englisch analysiert.<\/strong><\/p>\n<\/div>\n\n\n\n<div class=\"wp-block-column is-layout-flow wp-block-column-is-layout-flow\">\n<figure class=\"wp-block-image aligncenter size-large is-resized\"><img loading=\"lazy\" decoding=\"async\" width=\"1024\" height=\"1024\" src=\"https:\/\/saramoroni.net\/wp-content\/uploads\/2024\/04\/curiosita_viaggiare-1-1024x1024.png\" alt=\"\" class=\"wp-image-349\" style=\"width:148px;height:auto\" srcset=\"https:\/\/saramoroni.net\/wp-content\/uploads\/2024\/04\/curiosita_viaggiare-1-1024x1024.png 1024w, https:\/\/saramoroni.net\/wp-content\/uploads\/2024\/04\/curiosita_viaggiare-1-300x300.png 300w, https:\/\/saramoroni.net\/wp-content\/uploads\/2024\/04\/curiosita_viaggiare-1-150x150.png 150w, https:\/\/saramoroni.net\/wp-content\/uploads\/2024\/04\/curiosita_viaggiare-1-768x768.png 768w, https:\/\/saramoroni.net\/wp-content\/uploads\/2024\/04\/curiosita_viaggiare-1.png 1080w\" sizes=\"auto, (max-width: 1024px) 100vw, 1024px\" \/><\/figure>\n\n\n\n<p><strong>Weitere gro\u00dfe Leidenschaften von mir sind das Reisen und das Erkunden neuer Orte. Aus diesem Grund habe ich mich in \u00dcbersetzung f\u00fcr den Tourismus spezialisiert.<\/strong><\/p>\n<\/div>\n<\/div>\n","protected":false},"excerpt":{"rendered":"<p>Deine Br\u00fccke zu Italien Fremdsprachen haben mich schon als Kind fasziniert. Nach dem Abitur an einem italienischen neusprachlichen Gymnasium habe [&hellip;]<\/p>\n","protected":false},"author":1,"featured_media":0,"parent":0,"menu_order":0,"comment_status":"closed","ping_status":"closed","template":"","meta":{"site-sidebar-layout":"default","site-content-layout":"","ast-site-content-layout":"default","site-content-style":"default","site-sidebar-style":"default","ast-global-header-display":"","ast-banner-title-visibility":"","ast-main-header-display":"","ast-hfb-above-header-display":"","ast-hfb-below-header-display":"","ast-hfb-mobile-header-display":"","site-post-title":"","ast-breadcrumbs-content":"","ast-featured-img":"","footer-sml-layout":"","ast-disable-related-posts":"","theme-transparent-header-meta":"","adv-header-id-meta":"","stick-header-meta":"","header-above-stick-meta":"","header-main-stick-meta":"","header-below-stick-meta":"","astra-migrate-meta-layouts":"default","ast-page-background-enabled":"default","ast-page-background-meta":{"desktop":{"background-color":"var(--ast-global-color-4)","background-image":"","background-repeat":"repeat","background-position":"center center","background-size":"auto","background-attachment":"scroll","background-type":"","background-media":"","overlay-type":"","overlay-color":"","overlay-opacity":"","overlay-gradient":""},"tablet":{"background-color":"","background-image":"","background-repeat":"repeat","background-position":"center center","background-size":"auto","background-attachment":"scroll","background-type":"","background-media":"","overlay-type":"","overlay-color":"","overlay-opacity":"","overlay-gradient":""},"mobile":{"background-color":"","background-image":"","background-repeat":"repeat","background-position":"center center","background-size":"auto","background-attachment":"scroll","background-type":"","background-media":"","overlay-type":"","overlay-color":"","overlay-opacity":"","overlay-gradient":""}},"ast-content-background-meta":{"desktop":{"background-color":"var(--ast-global-color-5)","background-image":"","background-repeat":"repeat","background-position":"center center","background-size":"auto","background-attachment":"scroll","background-type":"","background-media":"","overlay-type":"","overlay-color":"","overlay-opacity":"","overlay-gradient":""},"tablet":{"background-color":"var(--ast-global-color-5)","background-image":"","background-repeat":"repeat","background-position":"center center","background-size":"auto","background-attachment":"scroll","background-type":"","background-media":"","overlay-type":"","overlay-color":"","overlay-opacity":"","overlay-gradient":""},"mobile":{"background-color":"var(--ast-global-color-5)","background-image":"","background-repeat":"repeat","background-position":"center center","background-size":"auto","background-attachment":"scroll","background-type":"","background-media":"","overlay-type":"","overlay-color":"","overlay-opacity":"","overlay-gradient":""}},"footnotes":""},"class_list":["post-859","page","type-page","status-publish","hentry"],"_links":{"self":[{"href":"https:\/\/saramoroni.net\/de\/wp-json\/wp\/v2\/pages\/859","targetHints":{"allow":["GET"]}}],"collection":[{"href":"https:\/\/saramoroni.net\/de\/wp-json\/wp\/v2\/pages"}],"about":[{"href":"https:\/\/saramoroni.net\/de\/wp-json\/wp\/v2\/types\/page"}],"author":[{"embeddable":true,"href":"https:\/\/saramoroni.net\/de\/wp-json\/wp\/v2\/users\/1"}],"replies":[{"embeddable":true,"href":"https:\/\/saramoroni.net\/de\/wp-json\/wp\/v2\/comments?post=859"}],"version-history":[{"count":18,"href":"https:\/\/saramoroni.net\/de\/wp-json\/wp\/v2\/pages\/859\/revisions"}],"predecessor-version":[{"id":1214,"href":"https:\/\/saramoroni.net\/de\/wp-json\/wp\/v2\/pages\/859\/revisions\/1214"}],"wp:attachment":[{"href":"https:\/\/saramoroni.net\/de\/wp-json\/wp\/v2\/media?parent=859"}],"curies":[{"name":"wp","href":"https:\/\/api.w.org\/{rel}","templated":true}]}}