{"id":854,"date":"2024-09-28T09:30:26","date_gmt":"2024-09-28T09:30:26","guid":{"rendered":"https:\/\/saramoroni.net\/de\/?page_id=854"},"modified":"2024-11-11T08:34:58","modified_gmt":"2024-11-11T08:34:58","slug":"uebersetzung","status":"publish","type":"page","link":"https:\/\/saramoroni.net\/de\/uebersetzung\/","title":{"rendered":"\u00dcBERSETZUNG"},"content":{"rendered":"\n<div style=\"height:49px\" aria-hidden=\"true\" class=\"wp-block-spacer\"><\/div>\n\n\n\n<h1 class=\"wp-block-heading has-ast-global-color-0-color has-text-color has-link-color has-medium-font-size wp-elements-fb6eacab34e8895331c8ad92e5e93c98\">\u00dcbersetzungsdienst | Deutsch-Italienisch &#038; Englisch-Italienisch<\/h1>\n\n\n\n<p>\u00dcbersetzen bedeutet viel mehr, als ein Wort von einer Sprache in die andere zu \u00fcbertragen.<\/p>\n\n\n\n<p>Jede Sprache stellt eine eigene Welt dar, die von der Mentalit\u00e4t und Kultur ihrer Sprecher*innen gepr\u00e4gt ist. \u00dcbersetzen bedeutet, diese beiden Welten zusammenzubringen.<\/p>\n\n\n\n<p>F\u00fcr mich ist es \u00e4u\u00dferst wichtig, dass der von mir \u00fcbersetzte Text dem Original treu bleibt und gleichzeitig nat\u00fcrlich in der Zielsprache klingt: Das Publikum darf nicht denken, dass es sich um eine \u00dcbersetzung handelt!<\/p>\n\n\n\n<p>Meine Sprachkombinationen sind <strong>DEUTSCH-ITALIENISCH<\/strong> und <strong>ENGLISCH-ITALIENISCH.<\/strong><\/p>\n\n\n\n<p>Meine Hauptfachgebiete sind:<\/p>\n\n\n\n<div class=\"wp-block-columns is-layout-flex wp-container-core-columns-is-layout-28f84493 wp-block-columns-is-layout-flex\">\n<div class=\"wp-block-column is-layout-flow wp-block-column-is-layout-flow\">\n<div class=\"wp-block-buttons alignfull is-content-justification-center is-layout-flex wp-container-core-buttons-is-layout-a89b3969 wp-block-buttons-is-layout-flex\">\n<div class=\"wp-block-button\"><a class=\"wp-block-button__link wp-element-button\"><strong>MARKETING &#038; E-COMMERCE<\/strong><\/a><\/div>\n<\/div>\n\n\n\n<figure class=\"wp-block-image aligncenter size-large is-resized\"><img loading=\"lazy\" decoding=\"async\" width=\"1024\" height=\"1024\" src=\"https:\/\/saramoroni.net\/wp-content\/uploads\/2024\/04\/marketing_e_e-commerce-1024x1024.png\" alt=\"\" class=\"wp-image-283\" style=\"aspect-ratio:1;object-fit:contain;width:183px;height:auto\" srcset=\"https:\/\/saramoroni.net\/wp-content\/uploads\/2024\/04\/marketing_e_e-commerce-1024x1024.png 1024w, https:\/\/saramoroni.net\/wp-content\/uploads\/2024\/04\/marketing_e_e-commerce-300x300.png 300w, https:\/\/saramoroni.net\/wp-content\/uploads\/2024\/04\/marketing_e_e-commerce-150x150.png 150w, https:\/\/saramoroni.net\/wp-content\/uploads\/2024\/04\/marketing_e_e-commerce-768x768.png 768w, https:\/\/saramoroni.net\/wp-content\/uploads\/2024\/04\/marketing_e_e-commerce.png 1080w\" sizes=\"auto, (max-width: 1024px) 100vw, 1024px\" \/><\/figure>\n\n\n\n<ul class=\"wp-block-list\">\n<li><strong>Kataloge und Brosch\u00fcren<\/strong><\/li>\n\n\n\n<li><strong>Produktbeschreibungen f\u00fcr Online-Shops<\/strong><\/li>\n\n\n\n<li><strong>Handelskorrespondenz<\/strong><\/li>\n<\/ul>\n<\/div>\n\n\n\n<div class=\"wp-block-column is-layout-flow wp-block-column-is-layout-flow\">\n<div class=\"wp-block-buttons is-content-justification-center is-layout-flex wp-container-core-buttons-is-layout-a89b3969 wp-block-buttons-is-layout-flex\">\n<div class=\"wp-block-button is-style-fill\"><a class=\"wp-block-button__link wp-element-button\"><strong>REISEN &#038; TOURISMUS<\/strong><\/a><\/div>\n<\/div>\n\n\n\n<figure class=\"wp-block-image aligncenter size-large is-resized\"><img loading=\"lazy\" decoding=\"async\" width=\"1024\" height=\"1024\" src=\"https:\/\/saramoroni.net\/wp-content\/uploads\/2024\/04\/viaggi_e_turismo-1024x1024.png\" alt=\"\" class=\"wp-image-282\" style=\"object-fit:contain;width:189px;height:auto\" srcset=\"https:\/\/saramoroni.net\/wp-content\/uploads\/2024\/04\/viaggi_e_turismo-1024x1024.png 1024w, https:\/\/saramoroni.net\/wp-content\/uploads\/2024\/04\/viaggi_e_turismo-300x300.png 300w, https:\/\/saramoroni.net\/wp-content\/uploads\/2024\/04\/viaggi_e_turismo-150x150.png 150w, https:\/\/saramoroni.net\/wp-content\/uploads\/2024\/04\/viaggi_e_turismo-768x768.png 768w, https:\/\/saramoroni.net\/wp-content\/uploads\/2024\/04\/viaggi_e_turismo.png 1080w\" sizes=\"auto, (max-width: 1024px) 100vw, 1024px\" \/><\/figure>\n\n\n\n<ul class=\"wp-block-list\">\n<li><strong>Reisef\u00fchrer<\/strong><\/li>\n\n\n\n<li><strong>Beschreibungen von Wein- und kulinarischen Touren<\/strong><\/li>\n\n\n\n<li><strong>Websites von Hotels und Unterk\u00fcnften<\/strong><\/li>\n<\/ul>\n<\/div>\n<\/div>\n\n\n\n<p>M\u00f6chtest du eine \u00dcbersetzung in einem anderen Bereich in Auftrag geben? Kein Problem! Ich bin sehr neugierig und lerne immer gerne etwas Neues.<\/p>\n\n\n\n<p>Einige Beispiele f\u00fcr andere Fachgebiete, in denen ich bereits arbeiten durfte:<\/p>\n\n\n\n<ul class=\"wp-block-list\">\n<li>Kunst und Museen<\/li>\n<\/ul>\n\n\n\n<ul class=\"wp-block-list\">\n<li>Hotels und Restaurants<\/li>\n<\/ul>\n\n\n\n<ul class=\"wp-block-list\">\n<li>Kindergeschichten<\/li>\n<\/ul>\n\n\n\n<ul class=\"wp-block-list\">\n<li>private Korrespondenz<\/li>\n<\/ul>\n\n\n\n<ul class=\"wp-block-list\">\n<li>Sportveranstaltungen<\/li>\n<\/ul>\n\n\n\n<p>Hast du einen Text auf Englisch oder Deutsch und m\u00f6chtest ihn ins Italienische \u00fcbersetzen lassen? Du kannst ihn mir gerne senden (vorzugsweise im Word- oder bearbeitbaren Format). Gib bitte das Thema, das gew\u00fcnschte Lieferdatum und eventuelle wichtige Informationen an und ich werde so schnell wie m\u00f6glich mit einem individuellen Angebot auf dich zukommen!<\/p>\n\n\n\n<p><\/p>\n\n\n\n<div class=\"wp-block-buttons is-layout-flex wp-block-buttons-is-layout-flex\">\n<div class=\"wp-block-button\"><a class=\"wp-block-button__link wp-element-button\"><strong><strong>E<\/strong>-M<strong>ail: <\/strong><\/strong>\u2709\ufe0f<strong><strong> translations@saramoroni.net <\/strong><\/strong><\/a><\/div>\n\n\n\n<div class=\"wp-block-button\"><a class=\"wp-block-button__link wp-element-button\"><strong>Tel. &#038; WhatsApp: <\/strong>\ud83d\udcde <strong>+ 49 178 75 74 851 <\/strong><\/a><\/div>\n<\/div>\n\n\n\n<p><\/p>\n\n\n\n<p>Noch unsicher, ob ich die richtige Fachfrau f\u00fcr dich bin?<strong><u><a href=\"https:\/\/saramoroni.net\/de\/ueber-mich\/\"> Hier <\/a><\/u><\/strong>findest du weitere Informationen \u00fcber mich und meinen beruflichen Werdegang.<\/p>\n\n\n\n<p><\/p>\n","protected":false},"excerpt":{"rendered":"<p>\u00dcbersetzungsdienst | Deutsch-Italienisch &#038; Englisch-Italienisch \u00dcbersetzen bedeutet viel mehr, als ein Wort von einer Sprache in die andere zu \u00fcbertragen. [&hellip;]<\/p>\n","protected":false},"author":1,"featured_media":0,"parent":0,"menu_order":0,"comment_status":"closed","ping_status":"closed","template":"","meta":{"site-sidebar-layout":"default","site-content-layout":"","ast-site-content-layout":"default","site-content-style":"default","site-sidebar-style":"default","ast-global-header-display":"","ast-banner-title-visibility":"","ast-main-header-display":"","ast-hfb-above-header-display":"","ast-hfb-below-header-display":"","ast-hfb-mobile-header-display":"","site-post-title":"disabled","ast-breadcrumbs-content":"","ast-featured-img":"","footer-sml-layout":"","ast-disable-related-posts":"","theme-transparent-header-meta":"","adv-header-id-meta":"","stick-header-meta":"","header-above-stick-meta":"","header-main-stick-meta":"","header-below-stick-meta":"","astra-migrate-meta-layouts":"default","ast-page-background-enabled":"default","ast-page-background-meta":{"desktop":{"background-color":"var(--ast-global-color-4)","background-image":"","background-repeat":"repeat","background-position":"center center","background-size":"auto","background-attachment":"scroll","background-type":"","background-media":"","overlay-type":"","overlay-color":"","overlay-opacity":"","overlay-gradient":""},"tablet":{"background-color":"","background-image":"","background-repeat":"repeat","background-position":"center center","background-size":"auto","background-attachment":"scroll","background-type":"","background-media":"","overlay-type":"","overlay-color":"","overlay-opacity":"","overlay-gradient":""},"mobile":{"background-color":"","background-image":"","background-repeat":"repeat","background-position":"center center","background-size":"auto","background-attachment":"scroll","background-type":"","background-media":"","overlay-type":"","overlay-color":"","overlay-opacity":"","overlay-gradient":""}},"ast-content-background-meta":{"desktop":{"background-color":"var(--ast-global-color-5)","background-image":"","background-repeat":"repeat","background-position":"center center","background-size":"auto","background-attachment":"scroll","background-type":"","background-media":"","overlay-type":"","overlay-color":"","overlay-opacity":"","overlay-gradient":""},"tablet":{"background-color":"var(--ast-global-color-5)","background-image":"","background-repeat":"repeat","background-position":"center center","background-size":"auto","background-attachment":"scroll","background-type":"","background-media":"","overlay-type":"","overlay-color":"","overlay-opacity":"","overlay-gradient":""},"mobile":{"background-color":"var(--ast-global-color-5)","background-image":"","background-repeat":"repeat","background-position":"center center","background-size":"auto","background-attachment":"scroll","background-type":"","background-media":"","overlay-type":"","overlay-color":"","overlay-opacity":"","overlay-gradient":""}},"footnotes":""},"class_list":["post-854","page","type-page","status-publish","hentry"],"_links":{"self":[{"href":"https:\/\/saramoroni.net\/de\/wp-json\/wp\/v2\/pages\/854","targetHints":{"allow":["GET"]}}],"collection":[{"href":"https:\/\/saramoroni.net\/de\/wp-json\/wp\/v2\/pages"}],"about":[{"href":"https:\/\/saramoroni.net\/de\/wp-json\/wp\/v2\/types\/page"}],"author":[{"embeddable":true,"href":"https:\/\/saramoroni.net\/de\/wp-json\/wp\/v2\/users\/1"}],"replies":[{"embeddable":true,"href":"https:\/\/saramoroni.net\/de\/wp-json\/wp\/v2\/comments?post=854"}],"version-history":[{"count":11,"href":"https:\/\/saramoroni.net\/de\/wp-json\/wp\/v2\/pages\/854\/revisions"}],"predecessor-version":[{"id":1218,"href":"https:\/\/saramoroni.net\/de\/wp-json\/wp\/v2\/pages\/854\/revisions\/1218"}],"wp:attachment":[{"href":"https:\/\/saramoroni.net\/de\/wp-json\/wp\/v2\/media?parent=854"}],"curies":[{"name":"wp","href":"https:\/\/api.w.org\/{rel}","templated":true}]}}