{"id":826,"date":"2024-09-28T09:05:49","date_gmt":"2024-09-28T09:05:49","guid":{"rendered":"https:\/\/saramoroni.net\/de\/home-deutsch\/"},"modified":"2026-03-10T15:16:29","modified_gmt":"2026-03-10T15:16:29","slug":"home-deutsch","status":"publish","type":"page","link":"https:\/\/saramoroni.net\/de\/home-deutsch\/","title":{"rendered":"Home"},"content":{"rendered":"\n<div style=\"height:50px\" aria-hidden=\"true\" class=\"wp-block-spacer\"><\/div>\n\n\n\n<h1 class=\"wp-block-heading alignfull has-text-align-center has-ast-global-color-0-color has-text-color has-link-color has-large-font-size wp-elements-a56bc51ec40a75448651a6494e2596d2\"><strong>Italienische \u00dcbersetzerin und Dolmetscherin in N\u00fcrnberg<\/strong><\/h1>\n\n\n\n<div class=\"wp-block-media-text is-stacked-on-mobile is-vertically-aligned-top has-large-font-size\" style=\"grid-template-columns:21% auto\"><figure class=\"wp-block-media-text__media\"><img loading=\"lazy\" decoding=\"async\" width=\"1200\" height=\"1600\" src=\"https:\/\/saramoroni.net\/wp-content\/uploads\/2024\/04\/sara-moroni-sitoweb.jpg\" alt=\"\" class=\"wp-image-290 size-full\" srcset=\"https:\/\/saramoroni.net\/wp-content\/uploads\/2024\/04\/sara-moroni-sitoweb.jpg 1200w, https:\/\/saramoroni.net\/wp-content\/uploads\/2024\/04\/sara-moroni-sitoweb-225x300.jpg 225w, https:\/\/saramoroni.net\/wp-content\/uploads\/2024\/04\/sara-moroni-sitoweb-768x1024.jpg 768w, https:\/\/saramoroni.net\/wp-content\/uploads\/2024\/04\/sara-moroni-sitoweb-1152x1536.jpg 1152w\" sizes=\"auto, (max-width: 1200px) 100vw, 1200px\" \/><\/figure><div class=\"wp-block-media-text__content\">\n<p class=\"has-text-align-left has-black-color has-text-color has-link-color has-medium-font-size wp-elements-ee78f276cc6f8e8e0802876f10f4eba3\" style=\"padding-top:var(--wp--preset--spacing--20);padding-right:var(--wp--preset--spacing--20);padding-bottom:var(--wp--preset--spacing--20);padding-left:var(--wp--preset--spacing--20)\"><em>Ciao, mein Name ist Sara und ich bin deine Br\u00fccke zu Italien!<\/em><\/p>\n\n\n\n<p class=\"has-text-align-left has-black-color has-text-color has-link-color has-medium-font-size wp-elements-e6e08db73273f439b753d1492dc2c0db\" style=\"padding-top:var(--wp--preset--spacing--20);padding-right:var(--wp--preset--spacing--20);padding-bottom:var(--wp--preset--spacing--20);padding-left:var(--wp--preset--spacing--20)\"><em>Da ich die deutsche Sprache und Kultur n\u00e4her kennenlernen wollte, habe ich im September 2017 meine Koffer gepackt  und bin nach Deutschland gekommen. <\/em><\/p>\n\n\n\n<p class=\"has-text-align-left has-black-color has-text-color has-link-color has-medium-font-size wp-elements-60be2a7ba8e6c5ceb9cf009a72d5f92c\" style=\"padding-top:var(--wp--preset--spacing--20);padding-right:var(--wp--preset--spacing--20);padding-bottom:var(--wp--preset--spacing--20);padding-left:var(--wp--preset--spacing--20)\"><em>Ich dachte, ich w\u00fcrde nur ein paar Monate bleiben \u2026 und<\/em> <em>jetzt bin ich immer noch hier!<\/em><\/p>\n<\/div><\/div>\n\n\n\n<h4 class=\"wp-block-heading has-text-align-center has-ast-global-color-5-color has-ast-global-color-0-background-color has-text-color has-background has-link-color has-medium-font-size wp-elements-9cacc346da4d4568ca1cd05f5846b616\"><strong>M<\/strong>EINE WERTE:<\/h4>\n\n\n\n<div class=\"wp-block-media-text is-stacked-on-mobile has-ast-global-color-6-background-color has-background\" style=\"padding-top:0;padding-right:0;padding-bottom:0;padding-left:0;grid-template-columns:15% auto\"><figure class=\"wp-block-media-text__media\"><img loading=\"lazy\" decoding=\"async\" width=\"1024\" height=\"1024\" src=\"https:\/\/saramoroni.net\/wp-content\/uploads\/2024\/04\/empatia-e-gentilezza-3-1024x1024.png\" alt=\"\" class=\"wp-image-320 size-full\" srcset=\"https:\/\/saramoroni.net\/wp-content\/uploads\/2024\/04\/empatia-e-gentilezza-3-1024x1024.png 1024w, https:\/\/saramoroni.net\/wp-content\/uploads\/2024\/04\/empatia-e-gentilezza-3-300x300.png 300w, https:\/\/saramoroni.net\/wp-content\/uploads\/2024\/04\/empatia-e-gentilezza-3-150x150.png 150w, https:\/\/saramoroni.net\/wp-content\/uploads\/2024\/04\/empatia-e-gentilezza-3-768x768.png 768w, https:\/\/saramoroni.net\/wp-content\/uploads\/2024\/04\/empatia-e-gentilezza-3.png 1080w\" sizes=\"auto, (max-width: 1024px) 100vw, 1024px\" \/><\/figure><div class=\"wp-block-media-text__content\">\n<p class=\"has-ast-global-color-0-color has-text-color has-link-color has-medium-font-size wp-elements-a58d5542129a5b8fe0a2b77171798957\"><strong>RESPEKT, EMPATHIE UND HILFSBEREITSCHAFT<\/strong><\/p>\n\n\n\n<p class=\"has-link-color has-medium-font-size wp-elements-1197349a0182a0cc2cc25c531dcacc94\">Meinen Kundinnen und Kunden aufmerksam zuzuh\u00f6ren ist f\u00fcr mich unerl\u00e4sslich. Denn ma\u00dfgeschneiderte \u2013 und somit effektive \u2013 L\u00f6sungen kann ich dir nur anbieten, wenn ich deine Bed\u00fcrfnisse genau verstehe.<\/p>\n<\/div><\/div>\n\n\n\n<div class=\"wp-block-media-text has-media-on-the-right is-stacked-on-mobile has-ast-global-color-6-background-color has-background\" style=\"padding-top:0;padding-right:0;padding-bottom:0;padding-left:0;grid-template-columns:auto 15%\"><div class=\"wp-block-media-text__content\">\n<p class=\"has-ast-global-color-0-color has-text-color has-link-color has-medium-font-size wp-elements-e9db01850924531982cc943e7ee91c1a\"><strong><strong>LEIDENSCHAFT<\/strong><\/strong><\/p>\n\n\n\n<p class=\"has-link-color has-medium-font-size wp-elements-cbf9b92d9857affd3587244eaa2224d8\">Ich liebe es, Menschen dabei zu helfen, Sprachbarrieren zu \u00fcberwinden. F\u00fcr mich gibt es nichts Sch\u00f6neres auf der Welt \u2013 das ist und war schon immer mein Traumberuf!<\/p>\n<\/div><figure class=\"wp-block-media-text__media\"><img loading=\"lazy\" decoding=\"async\" width=\"1024\" height=\"1024\" src=\"https:\/\/saramoroni.net\/wp-content\/uploads\/2024\/04\/passione-3-1024x1024.png\" alt=\"\" class=\"wp-image-322 size-full\" srcset=\"https:\/\/saramoroni.net\/wp-content\/uploads\/2024\/04\/passione-3-1024x1024.png 1024w, https:\/\/saramoroni.net\/wp-content\/uploads\/2024\/04\/passione-3-300x300.png 300w, https:\/\/saramoroni.net\/wp-content\/uploads\/2024\/04\/passione-3-150x150.png 150w, https:\/\/saramoroni.net\/wp-content\/uploads\/2024\/04\/passione-3-768x768.png 768w, https:\/\/saramoroni.net\/wp-content\/uploads\/2024\/04\/passione-3.png 1080w\" sizes=\"auto, (max-width: 1024px) 100vw, 1024px\" \/><\/figure><\/div>\n\n\n\n<div class=\"wp-block-media-text is-stacked-on-mobile is-vertically-aligned-center has-ast-global-color-6-background-color has-background\" style=\"padding-top:0;padding-right:0;padding-bottom:0;padding-left:0;grid-template-columns:15% auto\"><figure class=\"wp-block-media-text__media\"><img loading=\"lazy\" decoding=\"async\" width=\"1024\" height=\"1024\" src=\"https:\/\/saramoroni.net\/wp-content\/uploads\/2024\/04\/competenza-5-1024x1024.png\" alt=\"\" class=\"wp-image-330 size-full\" srcset=\"https:\/\/saramoroni.net\/wp-content\/uploads\/2024\/04\/competenza-5-1024x1024.png 1024w, https:\/\/saramoroni.net\/wp-content\/uploads\/2024\/04\/competenza-5-300x300.png 300w, https:\/\/saramoroni.net\/wp-content\/uploads\/2024\/04\/competenza-5-150x150.png 150w, https:\/\/saramoroni.net\/wp-content\/uploads\/2024\/04\/competenza-5-768x768.png 768w, https:\/\/saramoroni.net\/wp-content\/uploads\/2024\/04\/competenza-5.png 1080w\" sizes=\"auto, (max-width: 1024px) 100vw, 1024px\" \/><\/figure><div class=\"wp-block-media-text__content\">\n<p class=\"has-ast-global-color-0-color has-text-color has-link-color has-medium-font-size wp-elements-12f77a33881c47a751253b445bb38f05\"><strong>KOMPETENZ UND PROFESSIONALIT\u00c4T<\/strong><\/p>\n\n\n\n<p class=\"has-link-color has-medium-font-size wp-elements-a5b3fd7e9b5cc8b82d5be4b06d9db4bc\">\u00dcbersetzen und dolmetschen ist viel mehr, als ein Wort von einer Sprache in die andere zu \u00fcbertragen. Dank meines Studiums und meiner st\u00e4ndigen Weiterbildung kann ich professionelle und qualitative Dienstleistungen garantieren.<\/p>\n<\/div><\/div>\n\n\n\n<h4 class=\"wp-block-heading has-text-align-center has-ast-global-color-5-color has-ast-global-color-0-background-color has-text-color has-background has-link-color wp-elements-90a95244f28bb1c92ef4a8943078f356\"><strong>KUNDENSTIMMEN:<\/strong><\/h4>\n\n\n\n<div class=\"wp-block-group alignfull is-layout-constrained wp-block-group-is-layout-constrained\">\n<div class=\"wp-block-columns is-layout-flex wp-container-core-columns-is-layout-28f84493 wp-block-columns-is-layout-flex\">\n<div class=\"wp-block-column is-layout-flow wp-block-column-is-layout-flow\" style=\"flex-basis:100%\">\n<div class=\"wp-block-gutena-testimonials gutena-testimonial-block gutena-testimonial-block-ec3660-cf align-left has-box-shadow can-slide has-nav-dot has-nav-arrow\"><div class='gutena-testimonial-slider' data-slider-settings='{\"autoplay\":true,\"autoplayTimeout\":5000,\"autoplayDirection\":\"forward\",\"speed\":500,\"responsive\":{\"300\":{\"nav\":true,\"controls\":true,\"items\":1,\"gutter\":5},\"640\":{\"nav\":true,\"controls\":true,\"items\":1,\"gutter\":15},\"1024\":{\"nav\":true,\"controls\":true,\"items\":1,\"gutter\":20}}}'>\n<div class=\"gutena-testimonial-slide\"><div class=\"wp-block-gutena-testimonial-item gutena-testimonial-item-block has-ast-global-color-5-background-color has-background\">\n<div class=\"wp-block-gutena-testimonial-text gutena-testimonial-text-block has-black-color has-text-color has-link-color wp-elements-15b5bb86020a96667e62629d0e1438cc\"><div class=\"gutena-testimonial-text-content\"><br>\u2b50\u2b50\u2b50\u2b50\u2b50<br><br><em>Sara hat mich w\u00e4hrend meines Besuchs auf der Messe IWA in N\u00fcrnberg begleitet.  Ich habe Jaktia \u2013 die schwedische Firma, die ich in Italien vertrete &#8211; am Stand unterst\u00fctzt. Sara hat f\u00fcr mich vom Englischen ins Italienische gedolmetscht und mir erm\u00f6glicht, den Kontakt zu meinen ausl\u00e4ndischen Vorgesetzten zu pflegen. Au\u00dferdem habe ich am Stand die Kollegen, die den deutschen und schweizerischen Markt vertreten, kennengelernt. Sara erwies sich auch beim Dolmetschen vom Deutschen ins Italienische als sehr kompetent, wodurch es mir m\u00f6glich war, mich mit ihnen auszutauschen. Ich empfehle Sara allen, die eine kompetente Sprachunterst\u00fctzung ben\u00f6tigen.<\/em><br><br><strong><em>&#8211; Marco Merli, AMSEL S.R.L<\/em><\/strong><\/div><\/div>\n<\/div><\/div>\n\n\n\n<div class=\"gutena-testimonial-slide\"><div class=\"wp-block-gutena-testimonial-item gutena-testimonial-item-block has-ast-global-color-5-background-color has-background\">\n<div class=\"wp-block-gutena-testimonial-text gutena-testimonial-text-block has-black-color has-text-color has-link-color wp-elements-ed3b76eeb22aa41178b21f34572039d1\"><div class=\"gutena-testimonial-text-content\">\u2b50\u2b50\u2b50\u2b50\u2b50<br><br><em>Sara ist eine freundliche, zuverl\u00e4ssige und kompetente Lehrerin. Ich habe sie kontaktiert, um mein Deutsch im Hinblick auf meinen bevorstehenden Arbeitsaufenthalt in Freiburg zu verbessern. Schon nach einem Monat Unterricht merke ich deutliche Fortschritte. Sara versteht die Schwierigkeiten des \u00dcbergangs vom Italienischen ins Deutsche sehr gut und vernachl\u00e4ssigt keinen Aspekt des Spracherwerb \u2013 Konversation, Grammatik, Wortschatz \u2013 \u00a0und passt den Unterricht auch an meine beruflichen Bed\u00fcrfnisse an. Sie stellt immer Material und Aufgaben zur Verf\u00fcgung, sodass ich weiter\u00fcben kann. Au\u00dferdem ist sie flexibel und entgegenkommend bei den Unterrichtszeiten. Ich kann sie w\u00e4rmstens empfehlen!<\/em><br><br><em> <strong>&#8211; Lorenzo Lanti, Universit\u00e4tsforscher<\/strong><\/em><\/div><\/div>\n<\/div><\/div>\n\n\n\n<div class=\"gutena-testimonial-slide\"><div class=\"wp-block-gutena-testimonial-item gutena-testimonial-item-block has-ast-global-color-5-background-color has-background\">\n<div class=\"wp-block-gutena-testimonial-text gutena-testimonial-text-block has-ast-global-color-2-color has-text-color has-link-color wp-elements-ff7cebb22d3add3467542cdd73405572\"><div class=\"gutena-testimonial-text-content\">\u2b50\u2b50\u2b50\u2b50\u2b50<br><br><em>Sara Moroni begleitet uns seit \u00fcber sieben Jahren beim Einkauf hochwertigen Oliven\u00f6ls das wir als Geschenk f\u00fcr unsere Kunden in den Bergen des Lago Trasimeno einkaufen. Von Kleinbauern erzeugte Olivenfr\u00fcchte in einer nur saisonal betrieben Olivenm\u00fchle traditionell hergestellt und so in Deutschland eigentlich nicht oder nur sehr teuer zu kaufen. Schwierig war fr\u00fcher allein die sprachliche und interkulturelle Kommunikation.<br>Sara k\u00fcmmert sich nun um Liefermengen und -zeiten, um Einkaufspreise und \u00a0\u2013 besonders hilfreich &#8211; auch um eine fiskalisch korrekte Rechnungslegung. F\u00fcr uns ein perfekter Service und eine stets sehr angenehme Zusammenarbeit, f\u00fcr die wir uns sehr herzlich bedanken!<\/em><br><br><strong><em>&#8211; Hans Hartmann, Gesch\u00e4ftsf\u00fchrer HARTMANN plan werk GmbH<\/em><\/strong><br>\u00a0<br><br><br><\/div><\/div>\n<\/div><\/div>\n\n\n\n<div class=\"gutena-testimonial-slide\"><div class=\"wp-block-gutena-testimonial-item gutena-testimonial-item-block\">\n<div class=\"wp-block-gutena-testimonial-text gutena-testimonial-text-block has-black-color has-text-color has-link-color wp-elements-6c4a767ce32eec08a4b95d641936201f\"><div class=\"gutena-testimonial-text-content\">\u2b50\u2b50\u2b50\u2b50\u2b50<br><br><em>Da ich kurz vor meinem Italienurlaub stand, wollte ich meine Italienischkenntnisse auffrischen. Gl\u00fccklicherweise fand mich Sara zuerst f\u00fcrs Korrektorat, so dass ich gar nicht auf die Suche gehen musste f\u00fcr einen guten Italienischlehrer. Denn in Sara habe ich genau die Lehrerin gefunden, die ich gehofft hatte, zu finden. Sie ging einf\u00fchlsam auf meine W\u00fcnsche ein. Zuerst hat sie mit geschickten Fragen herausgefunden, auf welchem Stand ich mich befinde, und dann hat sie einen wertvollen Spagat hingelegt. Denn auf der einen Seite hat sie mir beigebracht, was ich lernen wollte, und auf der anderen Seite hat sie wertvolle Begriffe und Grammatik mit eingebracht, auf die ich gar nicht gekommen w\u00e4re. Zu jeder Zeit war sie wertsch\u00e4tzend, humorvoll und hat sich\u00a0blitzschnell auf mein Niveau eingelassen, um es Schritt f\u00fcr Schritt zu heben. <br>Dank ihr konnte ich mich viel fl\u00fcssiger in Kalabrien unterhalten. Vielen Dank daf\u00fcr! Und immer wieder erfuhr ich von ihr interessante Kulturunterschiede. Ich kann sie jedem empfehlen, der lebensnahes Italienisch lernen und verfeinern m\u00f6chte. Im n\u00e4chsten Jahr werde ich weitermachen.<\/em><br><br><strong> &#8211;<\/strong> <strong><em>Barbara Rossa, Korrektorin<\/em><\/strong><\/div><\/div>\n<\/div><\/div>\n\n\n\n<div class=\"gutena-testimonial-slide\"><div class=\"wp-block-gutena-testimonial-item gutena-testimonial-item-block\">\n<div class=\"wp-block-gutena-testimonial-text gutena-testimonial-text-block has-ast-global-color-2-color has-text-color has-link-color wp-elements-1ff02fd7a35d830b2e1385271d3ca5b0\"><div class=\"gutena-testimonial-text-content\">\u2b50\u2b50\u2b50\u2b50\u2b50<br><br><em>Ich durfte meine Werke in einer Kunstgalerie in Frankfurt ausstellen und musste einen kritischen Artikel \u00fcber meine Ausstellung ins Deutsche \u00fcbersetzen lassen.<\/em><br><em><br>Ein heikles und schwieriges Thema. Das war \u2013 wie die meisten Schriften der Kunstkritiker \u2013 ein Text voller ungew\u00f6hnlicher Ausdr\u00fccke, W\u00f6rter und Nuancen. Ein Text, der sich an alle richtete, aber \u2013 um ehrlich zu sein \u2013 vor allem an die Insider.<\/em><br><em><br>Nun, zu meiner gro\u00dfen Zufriedenheit hat Sara sehr treffend \u00fcbersetzt und die Direktorin der Galerie sagte mir: Ein gro\u00dfes Lob an die \u00dcbersetzerin!<\/em><br><br><strong> &#8211;<\/strong> <strong><em>Elio Mariucci, K\u00fcnstler<\/em><\/strong><\/div><\/div>\n<\/div><\/div>\n<\/div><\/div>\n<\/div>\n<\/div>\n<\/div>\n\n\n\n<p><\/p>\n","protected":false},"excerpt":{"rendered":"<p>Italienische \u00dcbersetzerin und Dolmetscherin in N\u00fcrnberg Ciao, mein Name ist Sara und ich bin deine Br\u00fccke zu Italien! Da ich [&hellip;]<\/p>\n","protected":false},"author":1,"featured_media":0,"parent":0,"menu_order":0,"comment_status":"closed","ping_status":"closed","template":"","meta":{"site-sidebar-layout":"default","site-content-layout":"","ast-site-content-layout":"default","site-content-style":"default","site-sidebar-style":"default","ast-global-header-display":"","ast-banner-title-visibility":"","ast-main-header-display":"","ast-hfb-above-header-display":"","ast-hfb-below-header-display":"","ast-hfb-mobile-header-display":"","site-post-title":"disabled","ast-breadcrumbs-content":"","ast-featured-img":"","footer-sml-layout":"","ast-disable-related-posts":"","theme-transparent-header-meta":"","adv-header-id-meta":"","stick-header-meta":"","header-above-stick-meta":"","header-main-stick-meta":"","header-below-stick-meta":"","astra-migrate-meta-layouts":"default","ast-page-background-enabled":"default","ast-page-background-meta":{"desktop":{"background-color":"var(--ast-global-color-4)","background-image":"","background-repeat":"repeat","background-position":"center center","background-size":"auto","background-attachment":"scroll","background-type":"","background-media":"","overlay-type":"","overlay-color":"","overlay-opacity":"","overlay-gradient":""},"tablet":{"background-color":"","background-image":"","background-repeat":"repeat","background-position":"center center","background-size":"auto","background-attachment":"scroll","background-type":"","background-media":"","overlay-type":"","overlay-color":"","overlay-opacity":"","overlay-gradient":""},"mobile":{"background-color":"","background-image":"","background-repeat":"repeat","background-position":"center center","background-size":"auto","background-attachment":"scroll","background-type":"","background-media":"","overlay-type":"","overlay-color":"","overlay-opacity":"","overlay-gradient":""}},"ast-content-background-meta":{"desktop":{"background-color":"var(--ast-global-color-5)","background-image":"","background-repeat":"repeat","background-position":"center center","background-size":"auto","background-attachment":"scroll","background-type":"","background-media":"","overlay-type":"","overlay-color":"","overlay-opacity":"","overlay-gradient":""},"tablet":{"background-color":"var(--ast-global-color-5)","background-image":"","background-repeat":"repeat","background-position":"center center","background-size":"auto","background-attachment":"scroll","background-type":"","background-media":"","overlay-type":"","overlay-color":"","overlay-opacity":"","overlay-gradient":""},"mobile":{"background-color":"var(--ast-global-color-5)","background-image":"","background-repeat":"repeat","background-position":"center center","background-size":"auto","background-attachment":"scroll","background-type":"","background-media":"","overlay-type":"","overlay-color":"","overlay-opacity":"","overlay-gradient":""}},"footnotes":""},"class_list":["post-826","page","type-page","status-publish","hentry"],"_links":{"self":[{"href":"https:\/\/saramoroni.net\/de\/wp-json\/wp\/v2\/pages\/826","targetHints":{"allow":["GET"]}}],"collection":[{"href":"https:\/\/saramoroni.net\/de\/wp-json\/wp\/v2\/pages"}],"about":[{"href":"https:\/\/saramoroni.net\/de\/wp-json\/wp\/v2\/types\/page"}],"author":[{"embeddable":true,"href":"https:\/\/saramoroni.net\/de\/wp-json\/wp\/v2\/users\/1"}],"replies":[{"embeddable":true,"href":"https:\/\/saramoroni.net\/de\/wp-json\/wp\/v2\/comments?post=826"}],"version-history":[{"count":41,"href":"https:\/\/saramoroni.net\/de\/wp-json\/wp\/v2\/pages\/826\/revisions"}],"predecessor-version":[{"id":1260,"href":"https:\/\/saramoroni.net\/de\/wp-json\/wp\/v2\/pages\/826\/revisions\/1260"}],"wp:attachment":[{"href":"https:\/\/saramoroni.net\/de\/wp-json\/wp\/v2\/media?parent=826"}],"curies":[{"name":"wp","href":"https:\/\/api.w.org\/{rel}","templated":true}]}}